{"id":2,"date":"2017-09-01T16:11:21","date_gmt":"2017-09-01T16:11:21","guid":{"rendered":"http:\/\/oerlinghausen-evangelisch.com\/?page_id=2"},"modified":"2026-02-28T00:13:35","modified_gmt":"2026-02-27T22:13:35","slug":"sample-page","status":"publish","type":"page","link":"https:\/\/oerlinghausen-evangelisch.com\/","title":{"rendered":""},"content":{"rendered":"\n<figure class=\"wp-block-image size-full\"><img loading=\"lazy\" decoding=\"async\" width=\"860\" height=\"250\" src=\"https:\/\/oerlinghausen-evangelisch.com\/wp-content\/uploads\/2025\/05\/cropped-Briefkopf-EKG.png\" alt=\"\" class=\"wp-image-2259\" srcset=\"https:\/\/oerlinghausen-evangelisch.com\/wp-content\/uploads\/2025\/05\/cropped-Briefkopf-EKG.png 860w, https:\/\/oerlinghausen-evangelisch.com\/wp-content\/uploads\/2025\/05\/cropped-Briefkopf-EKG-300x87.png 300w, https:\/\/oerlinghausen-evangelisch.com\/wp-content\/uploads\/2025\/05\/cropped-Briefkopf-EKG-768x223.png 768w\" sizes=\"auto, (max-width: 767px) 89vw, (max-width: 1000px) 54vw, (max-width: 1071px) 543px, 580px\" \/><\/figure>\n\n\n\n<h2 class=\"wp-block-heading\">Herzlich Willkommen bei der ev. ref. Kirchengemeinde Oerlinghausen<\/h2>\n\n\n\n<p><\/p>\n\n\n\n<p><\/p>\n\n\n\n<p>Es freut uns sehr Sie auf unserer Homepage begr\u00fc\u00dfen zu d\u00fcrfen. Schauen Sie sich in Ruhe um und wenn Sie Fragen oder Anregungen zu unseren Veranstaltungen haben, schreiben Sie uns einfach an.<\/p>\n\n\n\n<p>Sie k\u00f6nnen uns auch auf Facebook oder Instagram folgen, um stets auf dem Laufenden zu sein. Nun w\u00fcnschen wir ihnen viel Spa\u00df beim Durchst\u00f6bern.<\/p>\n\n\n\n<p class=\"has-very-dark-gray-color has-cyan-bluish-gray-background-color has-text-color has-background has-medium-font-size\"><strong>Gemeindebrief M\u00e4rz \/ April \/ Mai 2026 zum Download:<\/strong><\/p>\n\n\n\n<div data-wp-interactive=\"core\/file\" class=\"wp-block-file\"><object data-wp-bind--hidden=\"!state.hasPdfPreview\" hidden class=\"wp-block-file__embed\" data=\"https:\/\/oerlinghausen-evangelisch.com\/wp-content\/uploads\/2026\/02\/GB-Homepage.pdf\" type=\"application\/pdf\" style=\"width:100%;height:600px\" aria-label=\"Einbettung von GB Homepage.\"><\/object><a id=\"wp-block-file--media-0cfb54d4-db4d-4d49-8f76-efd773701bdd\" href=\"https:\/\/oerlinghausen-evangelisch.com\/wp-content\/uploads\/2026\/02\/GB-Homepage.pdf\">GB Homepage<\/a><a href=\"https:\/\/oerlinghausen-evangelisch.com\/wp-content\/uploads\/2026\/02\/GB-Homepage.pdf\" class=\"wp-block-file__button wp-element-button\" download aria-describedby=\"wp-block-file--media-0cfb54d4-db4d-4d49-8f76-efd773701bdd\">Herunterladen<\/a><\/div>\n\n\n\n<h2 class=\"wp-block-heading\">Auf der Suche nach Neuigkeiten aus der Gemeinde?<\/h2>\n\n\n\n<p><a href=\"https:\/\/oerlinghausen-evangelisch.com\/?page_id=2264\" data-type=\"page\" data-id=\"2264\">Hier entlang<\/a><\/p>\n\n\n\n<h2 class=\"wp-block-heading\"><strong>Unsere Gemeinde<\/strong><\/h2>\n\n\n\n<p><\/p>\n\n\n\n<p>Unsere Kirchengemeinde hat ein missionarisches, volkskirchliches Profil.<br>Schwerpunkte der Arbeit sind die Verk\u00fcndigung, die Diakonie und die musikalische Arbeit mit Posaunenchor, zwei Kinderkantoreigruppen und dem Kirchenchor. Die Kirchengemeinde ist alleiniger Tr\u00e4ger des Evangelischen Altenzentrums und der Diakoniestation. Auch drei Kindertagesst\u00e4tten geh\u00f6ren zur Gemeinde. <br>Wir verstehen uns als einladende Gemeinde in der jede und jeder mit seinen Gaben Platz findet. <\/p>\n\n\n\n<div class=\"wp-block-columns is-layout-flex wp-container-core-columns-is-layout-9d6595d7 wp-block-columns-is-layout-flex\">\n<div class=\"wp-block-column is-vertically-aligned-top is-layout-flow wp-block-column-is-layout-flow\" style=\"flex-basis:100%\">\n<div class=\"wp-block-group is-vertical is-layout-flex wp-container-core-group-is-layout-8cf370e7 wp-block-group-is-layout-flex\">\n<p><\/p>\n<\/div>\n<\/div>\n<\/div>\n\n\n\n<h2 class=\"wp-block-heading\">Unsere Treffpunkte<\/h2>\n\n\n<div class=\"wp-block-image is-resized size-medium wp-image-87\">\n<figure class=\"alignleft size-large\"><img loading=\"lazy\" decoding=\"async\" width=\"1024\" height=\"683\" src=\"https:\/\/oerlinghausen-evangelisch.com\/wp-content\/uploads\/2025\/05\/DSC03384_whiteII1-1024x683.png\" alt=\"\" class=\"wp-image-2242\" style=\"width:298px;height:auto\" srcset=\"https:\/\/oerlinghausen-evangelisch.com\/wp-content\/uploads\/2025\/05\/DSC03384_whiteII1-1024x683.png 1024w, https:\/\/oerlinghausen-evangelisch.com\/wp-content\/uploads\/2025\/05\/DSC03384_whiteII1-300x200.png 300w, https:\/\/oerlinghausen-evangelisch.com\/wp-content\/uploads\/2025\/05\/DSC03384_whiteII1-768x512.png 768w, https:\/\/oerlinghausen-evangelisch.com\/wp-content\/uploads\/2025\/05\/DSC03384_whiteII1-1536x1025.png 1536w, https:\/\/oerlinghausen-evangelisch.com\/wp-content\/uploads\/2025\/05\/DSC03384_whiteII1-2048x1366.png 2048w\" sizes=\"auto, (max-width: 767px) 89vw, (max-width: 1000px) 54vw, (max-width: 1071px) 543px, 580px\" \/><figcaption class=\"wp-element-caption\">Kirche Lipperreihe<\/figcaption><\/figure>\n<\/div>\n\n<div class=\"wp-block-image\">\n<figure class=\"aligncenter is-resized\"><img decoding=\"async\" src=\"https:\/\/oerlinghausen-evangelisch.com\/wp-content\/uploads\/2017\/09\/P1050876-225x300.jpg\" alt=\"Dieses Bild hat ein leeres Alt-Attribut. Der Dateiname ist P1050876-225x300.jpg\" style=\"width:231px;height:auto\"\/><figcaption class=\"wp-element-caption\">Alexanderkirche<\/figcaption><\/figure>\n<\/div>\n\n<div class=\"wp-block-image\">\n<figure class=\"alignright is-resized\"><img loading=\"lazy\" decoding=\"async\" width=\"300\" height=\"154\" src=\"https:\/\/oerlinghausen-evangelisch.com\/wp-content\/uploads\/2017\/09\/P1050878-1-300x154.jpg\" alt=\"\" class=\"wp-image-308\" style=\"width:286px;height:auto\" srcset=\"https:\/\/oerlinghausen-evangelisch.com\/wp-content\/uploads\/2017\/09\/P1050878-1-300x154.jpg 300w, https:\/\/oerlinghausen-evangelisch.com\/wp-content\/uploads\/2017\/09\/P1050878-1-768x393.jpg 768w, https:\/\/oerlinghausen-evangelisch.com\/wp-content\/uploads\/2017\/09\/P1050878-1-1024x525.jpg 1024w\" sizes=\"auto, (max-width: 300px) 100vw, 300px\" \/><figcaption class=\"wp-element-caption\">Dietrich Bonhoefer-Haus in der S\u00fcdstadt<\/figcaption><\/figure>\n<\/div>\n\n\n<h2 class=\"wp-block-heading has-text-align-center\">Treffen lassen sich an fast jedem Ort organisieren, echte Begegnungen allerdings finden im Herzen statt. <\/h2>\n\n\n\n<h2 class=\"wp-block-heading has-text-align-center\"><strong>Ein Mensch sieht, was vor Augen ist; der HERR aber sieht das Herz an.   1. Sam. 16,7<\/strong><\/h2>\n\n\n\n<p><\/p>\n\n\n\n<p><\/p>\n\n\n\n<p><\/p>\n\n\n\n<p><\/p>\n","protected":false},"excerpt":{"rendered":"<p>Herzlich Willkommen bei der ev. ref. Kirchengemeinde Oerlinghausen Es freut uns sehr Sie auf unserer Homepage begr\u00fc\u00dfen zu d\u00fcrfen. Schauen Sie sich in Ruhe um und wenn Sie Fragen oder Anregungen zu unseren Veranstaltungen haben, schreiben Sie uns einfach an. Sie k\u00f6nnen uns auch auf Facebook oder Instagram folgen, um stets auf dem Laufenden zu &hellip; <\/p>\n<p class=\"link-more\"><a href=\"https:\/\/oerlinghausen-evangelisch.com\/\" class=\"more-link\"><span class=\"screen-reader-text\">\u201e\u201c <\/span>weiterlesen<\/a><\/p>\n","protected":false},"author":4,"featured_media":0,"parent":0,"menu_order":3,"comment_status":"closed","ping_status":"closed","template":"","meta":{"footnotes":""},"class_list":["post-2","page","type-page","status-publish","hentry"],"_links":{"self":[{"href":"https:\/\/oerlinghausen-evangelisch.com\/index.php?rest_route=\/wp\/v2\/pages\/2","targetHints":{"allow":["GET"]}}],"collection":[{"href":"https:\/\/oerlinghausen-evangelisch.com\/index.php?rest_route=\/wp\/v2\/pages"}],"about":[{"href":"https:\/\/oerlinghausen-evangelisch.com\/index.php?rest_route=\/wp\/v2\/types\/page"}],"author":[{"embeddable":true,"href":"https:\/\/oerlinghausen-evangelisch.com\/index.php?rest_route=\/wp\/v2\/users\/4"}],"replies":[{"embeddable":true,"href":"https:\/\/oerlinghausen-evangelisch.com\/index.php?rest_route=%2Fwp%2Fv2%2Fcomments&post=2"}],"version-history":[{"count":367,"href":"https:\/\/oerlinghausen-evangelisch.com\/index.php?rest_route=\/wp\/v2\/pages\/2\/revisions"}],"predecessor-version":[{"id":2413,"href":"https:\/\/oerlinghausen-evangelisch.com\/index.php?rest_route=\/wp\/v2\/pages\/2\/revisions\/2413"}],"wp:attachment":[{"href":"https:\/\/oerlinghausen-evangelisch.com\/index.php?rest_route=%2Fwp%2Fv2%2Fmedia&parent=2"}],"curies":[{"name":"wp","href":"https:\/\/api.w.org\/{rel}","templated":true}]}}