{"id":2167,"date":"2025-05-09T01:25:39","date_gmt":"2025-05-08T23:25:39","guid":{"rendered":"https:\/\/oerlinghausen-evangelisch.com\/?page_id=2167"},"modified":"2025-05-09T01:25:58","modified_gmt":"2025-05-08T23:25:58","slug":"kircheneintritt","status":"publish","type":"page","link":"https:\/\/oerlinghausen-evangelisch.com\/?page_id=2167","title":{"rendered":"Kircheneintritt"},"content":{"rendered":"\n<h1 class=\"wp-block-heading\"><\/h1>\n\n\n\n<figure class=\"wp-block-image\" id=\"attachment_321\"><img loading=\"lazy\" decoding=\"async\" width=\"225\" height=\"300\" src=\"https:\/\/oerlinghausen-evangelisch.com\/wp-content\/uploads\/2017\/09\/P1040126-225x300.jpg\" alt=\"\" class=\"wp-image-321\" srcset=\"https:\/\/oerlinghausen-evangelisch.com\/wp-content\/uploads\/2017\/09\/P1040126-225x300.jpg 225w, https:\/\/oerlinghausen-evangelisch.com\/wp-content\/uploads\/2017\/09\/P1040126-768x1024.jpg 768w\" sizes=\"auto, (max-width: 225px) 100vw, 225px\" \/><figcaption class=\"wp-element-caption\">Hier sind Sie willkommen.<br>Treten Sie ein\u2026<\/figcaption><\/figure>\n\n\n\n<p><strong>Wiedereintritt<\/strong><br><strong>Wie sie in die Kirche eintreten k\u00f6nnen<\/strong><\/p>\n\n\n\n<p><em>Was muss ich tun, wenn ich nach einem Kirchenaustritt wieder in die evangelische Kirche eintreten will?<\/em><br>In Oerlinghausen geh\u00f6rt dazu ein Gespr\u00e4ch mit einer Pastorin oder einem Pastor Ihrer Wahl. Das kann zum Beispiel der Pastor oder die Pastorin des Pfarrbezirks sein, in dem sie wohnen. Informationen erhalten sie auch in unserem Gemeindeb\u00fcro an der Hauptstr. 80a oder bei der Pastorin oder den Pastoren.<\/p>\n\n\n\n<p><em>Braucht man f\u00fcr das Gespr\u00e4ch irgendwelche Daten oder Unterlagen?<\/em><br>Ja, auf jeden Fall braucht man das Datum und den Ort der eigenen Taufe. Diese Daten stehen in der Taufurkunde oder im Familien \u2013 Stammbuch. Beides ist h\u00e4ufig noch in den Familien \u2013 Unterlagen der eigenen Eltern vorhanden. Auch in der Konfirmationsurkunde steht in der Regel das Taufdatum. Wenn noch vorhanden, sollte man auch seine Bescheinigung \u00fcber den Kirchenaustritt mitbringen.<\/p>\n\n\n\n<p><em>Funktioniert ein Kircheneintritt genauso, wenn man vorher noch nie Kirchenmitglied gewesen ist?<\/em><br>Nein. Wer noch nie Kirchenmitglied war, kann nur durch die heilige Taufe evangelisch werden. Es kommt \u00fcbrigens gar nicht mal so selten vor und ist auch nicht ungew\u00f6hnlich, dass Erwachsene getauft werden. Aber auch dazu m\u00fcssen dann vorher ein oder mehrere Gespr\u00e4che mit einer Pastorin oder einem Pastor vereinbart werden.<\/p>\n\n\n\n<p><em>Ist das Gespr\u00e4ch vor dem Wiedereintritt so etwas wie ein Eignungstest?<\/em><br>Nein! Ich habe aber bei zahlreichen Kircheneintrittsgespr\u00e4chen erlebt, dass viele Menschen genau diese Bef\u00fcrchtung haben. Sie meinen, sie m\u00fcssten so etwas wie eine Pr\u00fcfung ablegen, vielleicht sogar die 10 Gebote aufsagen oder \u00e4hnliches. Es ist aber wirklich nur ein Gespr\u00e4ch. Oft geht es auch um die Gr\u00fcnde, die jemanden zum Austritt und sp\u00e4teren Wiedereintritt bewogen haben. Auch Glaubensfragen werden im Gespr\u00e4ch angesprochen. Niemand sollte Bef\u00fcrchtungen haben, denn diese Gespr\u00e4che finden in ganz entspannter und freundlicher Atmosph\u00e4re statt.<\/p>\n\n\n\n<p><em>Wie schnell geht es, wenn man wieder in die Kirche eintreten will? Geh\u00f6rt man nach dem Gespr\u00e4ch sofort wieder dazu?<\/em><br>Nein, es dauert noch ein paar Tage bis zur offiziellen Wiederaufnahme. W\u00e4hrend des Gespr\u00e4ches wird eine Urkunde ausgef\u00fcllt, die von dem Pastor oder der Pastorin und demjenigen, der wieder eintreten will, unterschrieben wird. Dieser Antrag wird dann an das Landeskirchenamt in Detmold geschickt und dort bearbeitet. Danach bekommt man eine schriftliche Best\u00e4tigung, dass man wieder Kirchenmitglied ist.<\/p>\n\n\n\n<p><em>Kostet es Geb\u00fchren, wenn man wieder in die Kirche eintritt?<\/em><br>Nein, der Wiedereintritt selbst kostet nichts. Allerdings muss man danach als Kirchenmitglied nat\u00fcrlich wieder Kirchensteuern zahlen.<\/p>\n\n\n\n<p><em>Muss man sich selbst um die \u00c4nderung der Lohnsteuerkarte k\u00fcmmern?<\/em><br>Ja, der Eintrag wird im B\u00fcrgerb\u00fcro der Stadt Oerlinghausen vorgenommen. Auf Wunsch erledigen wir diesen Verwaltungsakt f\u00fcr Sie.<\/p>\n\n\n\n<p><em>Wer tritt eigentlich vor allem wieder in die Kirche ein?<\/em><br>Das sind vor allem Menschen, die nach ihrem Kirchenaustritt neue und positive Erfahrungen mit der Kirche gemacht haben und einfach wieder dazu geh\u00f6ren m\u00f6chten. Andere finden durch ihre Kinder, durch ihre Taufe, kirchliche Kinderg\u00e4rten oder Spielkreisgruppen oder durch die Kinderkirche und den Kindergottesdienst wieder Zugang zum Glauben und zur Gemeinschaft in der Kirche. Ein Vater, dem es \u00e4hnlich ergangen war, sagte mir als Begr\u00fcndung f\u00fcr seinen Wiedereintritt:<br>\u201eDie Seele wird nur durch Arbeit und Karriere nicht satt.\u201c<\/p>\n\n\n\n<p>Die Telefonnummern der Pastorin und des Pastors finden Sie unter \u201eAnschriften\u201c<\/p>\n","protected":false},"excerpt":{"rendered":"<p>WiedereintrittWie sie in die Kirche eintreten k\u00f6nnen Was muss ich tun, wenn ich nach einem Kirchenaustritt wieder in die evangelische Kirche eintreten will?In Oerlinghausen geh\u00f6rt dazu ein Gespr\u00e4ch mit einer Pastorin oder einem Pastor Ihrer Wahl. Das kann zum Beispiel der Pastor oder die Pastorin des Pfarrbezirks sein, in dem sie wohnen. Informationen erhalten sie &hellip; <\/p>\n<p class=\"link-more\"><a href=\"https:\/\/oerlinghausen-evangelisch.com\/?page_id=2167\" class=\"more-link\"><span class=\"screen-reader-text\">\u201eKircheneintritt\u201c <\/span>weiterlesen<\/a><\/p>\n","protected":false},"author":4,"featured_media":0,"parent":0,"menu_order":0,"comment_status":"closed","ping_status":"closed","template":"","meta":{"footnotes":""},"class_list":["post-2167","page","type-page","status-publish","hentry"],"_links":{"self":[{"href":"https:\/\/oerlinghausen-evangelisch.com\/index.php?rest_route=\/wp\/v2\/pages\/2167","targetHints":{"allow":["GET"]}}],"collection":[{"href":"https:\/\/oerlinghausen-evangelisch.com\/index.php?rest_route=\/wp\/v2\/pages"}],"about":[{"href":"https:\/\/oerlinghausen-evangelisch.com\/index.php?rest_route=\/wp\/v2\/types\/page"}],"author":[{"embeddable":true,"href":"https:\/\/oerlinghausen-evangelisch.com\/index.php?rest_route=\/wp\/v2\/users\/4"}],"replies":[{"embeddable":true,"href":"https:\/\/oerlinghausen-evangelisch.com\/index.php?rest_route=%2Fwp%2Fv2%2Fcomments&post=2167"}],"version-history":[{"count":2,"href":"https:\/\/oerlinghausen-evangelisch.com\/index.php?rest_route=\/wp\/v2\/pages\/2167\/revisions"}],"predecessor-version":[{"id":2171,"href":"https:\/\/oerlinghausen-evangelisch.com\/index.php?rest_route=\/wp\/v2\/pages\/2167\/revisions\/2171"}],"wp:attachment":[{"href":"https:\/\/oerlinghausen-evangelisch.com\/index.php?rest_route=%2Fwp%2Fv2%2Fmedia&parent=2167"}],"curies":[{"name":"wp","href":"https:\/\/api.w.org\/{rel}","templated":true}]}}