{"id":2264,"date":"2025-05-13T23:09:33","date_gmt":"2025-05-13T21:09:33","guid":{"rendered":"https:\/\/oerlinghausen-evangelisch.com\/?page_id=2264"},"modified":"2026-02-28T00:34:22","modified_gmt":"2026-02-27T22:34:22","slug":"aktuelles","status":"publish","type":"page","link":"https:\/\/oerlinghausen-evangelisch.com\/?page_id=2264","title":{"rendered":"Aktuelles"},"content":{"rendered":"\n<p><\/p>\n\n\n\n<p>Liebe Gemeinde, hier finden Sie Informationen zu kommenden Ereignissen und Veranstaltungen.<\/p>\n\n\n\n<p><\/p>\n\n\n\n<p><\/p>\n\n\n\n<figure class=\"wp-block-image size-full\"><img loading=\"lazy\" decoding=\"async\" width=\"884\" height=\"554\" src=\"https:\/\/oerlinghausen-evangelisch.com\/wp-content\/uploads\/2026\/02\/grafik-3.png\" alt=\"\" class=\"wp-image-2422\" srcset=\"https:\/\/oerlinghausen-evangelisch.com\/wp-content\/uploads\/2026\/02\/grafik-3.png 884w, https:\/\/oerlinghausen-evangelisch.com\/wp-content\/uploads\/2026\/02\/grafik-3-300x188.png 300w, https:\/\/oerlinghausen-evangelisch.com\/wp-content\/uploads\/2026\/02\/grafik-3-768x481.png 768w\" sizes=\"auto, (max-width: 767px) 89vw, (max-width: 1000px) 54vw, (max-width: 1071px) 543px, 580px\" \/><\/figure>\n\n\n\n<p><\/p>\n\n\n\n<p><\/p>\n\n\n\n<p><\/p>\n\n\n\n<p><strong>Medizinischer Vortrag in der Kirche Lipperreihe<\/strong><\/p>\n\n\n\n<p><\/p>\n\n\n\n<div class=\"wp-block-media-text has-media-on-the-right is-stacked-on-mobile\" style=\"grid-template-columns:auto 43%\"><div class=\"wp-block-media-text__content\">\n<p><br>Gesundheit im Fokus \u2013 Wissen, das bewegt<br>Thema: Sodbrennen und Reflux bei Zwerchfellbruch<br>Donnerstag, 21. Mai 2026 um 18:00 Uhr<br>Eine Anmeldung ist nicht erforderlich, der Eintritt ist frei<\/p>\n<\/div><figure class=\"wp-block-media-text__media\"><img loading=\"lazy\" decoding=\"async\" width=\"839\" height=\"939\" src=\"https:\/\/oerlinghausen-evangelisch.com\/wp-content\/uploads\/2026\/01\/IMG_54501-2.jpg\" alt=\"\" class=\"wp-image-2397 size-full\" srcset=\"https:\/\/oerlinghausen-evangelisch.com\/wp-content\/uploads\/2026\/01\/IMG_54501-2.jpg 839w, https:\/\/oerlinghausen-evangelisch.com\/wp-content\/uploads\/2026\/01\/IMG_54501-2-268x300.jpg 268w, https:\/\/oerlinghausen-evangelisch.com\/wp-content\/uploads\/2026\/01\/IMG_54501-2-768x860.jpg 768w\" sizes=\"auto, (max-width: 767px) 89vw, (max-width: 1000px) 54vw, (max-width: 1071px) 543px, 580px\" \/><\/figure><\/div>\n\n\n\n<p>Fach\u00e4rztin Martina Friedemann erkl\u00e4rt: Wie entsteht so ein Bruch? Kann man vorbeugen? <\/p>\n\n\n\n<p>Wir sprechen \u00fcber typische Beschwerden, wie man einen Bruch feststellt und welche Behandlungsm\u00f6glichkeiten es gibt \u2013 ganz einfach und verst\u00e4ndlich erkl\u00e4rt.<\/p>\n\n\n\n<p>Kommen Sie vorbei und stellen Sie Ihre Fragen! Wir freuen uns auf Sie.<\/p>\n\n\n\n<p><\/p>\n\n\n\n<figure class=\"wp-block-image size-full\"><img loading=\"lazy\" decoding=\"async\" width=\"903\" height=\"568\" src=\"https:\/\/oerlinghausen-evangelisch.com\/wp-content\/uploads\/2026\/02\/grafik-2.png\" alt=\"\" class=\"wp-image-2421\" srcset=\"https:\/\/oerlinghausen-evangelisch.com\/wp-content\/uploads\/2026\/02\/grafik-2.png 903w, https:\/\/oerlinghausen-evangelisch.com\/wp-content\/uploads\/2026\/02\/grafik-2-300x189.png 300w, https:\/\/oerlinghausen-evangelisch.com\/wp-content\/uploads\/2026\/02\/grafik-2-768x483.png 768w\" sizes=\"auto, (max-width: 767px) 89vw, (max-width: 1000px) 54vw, (max-width: 1071px) 543px, 580px\" \/><\/figure>\n\n\n\n<figure class=\"wp-block-image size-full\"><img loading=\"lazy\" decoding=\"async\" width=\"868\" height=\"274\" src=\"https:\/\/oerlinghausen-evangelisch.com\/wp-content\/uploads\/2026\/02\/grafik-1.png\" alt=\"\" class=\"wp-image-2420\" srcset=\"https:\/\/oerlinghausen-evangelisch.com\/wp-content\/uploads\/2026\/02\/grafik-1.png 868w, https:\/\/oerlinghausen-evangelisch.com\/wp-content\/uploads\/2026\/02\/grafik-1-300x95.png 300w, https:\/\/oerlinghausen-evangelisch.com\/wp-content\/uploads\/2026\/02\/grafik-1-768x242.png 768w\" sizes=\"auto, (max-width: 767px) 89vw, (max-width: 1000px) 54vw, (max-width: 1071px) 543px, 580px\" \/><\/figure>\n\n\n\n<figure class=\"wp-block-image size-large\"><img loading=\"lazy\" decoding=\"async\" width=\"724\" height=\"1024\" src=\"https:\/\/oerlinghausen-evangelisch.com\/wp-content\/uploads\/2025\/12\/img074-724x1024.jpg\" alt=\"\" class=\"wp-image-2375\" srcset=\"https:\/\/oerlinghausen-evangelisch.com\/wp-content\/uploads\/2025\/12\/img074-724x1024.jpg 724w, https:\/\/oerlinghausen-evangelisch.com\/wp-content\/uploads\/2025\/12\/img074-212x300.jpg 212w, https:\/\/oerlinghausen-evangelisch.com\/wp-content\/uploads\/2025\/12\/img074-768x1086.jpg 768w, https:\/\/oerlinghausen-evangelisch.com\/wp-content\/uploads\/2025\/12\/img074-1086x1536.jpg 1086w, https:\/\/oerlinghausen-evangelisch.com\/wp-content\/uploads\/2025\/12\/img074-1448x2048.jpg 1448w, https:\/\/oerlinghausen-evangelisch.com\/wp-content\/uploads\/2025\/12\/img074-scaled.jpg 1810w\" sizes=\"auto, (max-width: 724px) 100vw, 724px\" \/><\/figure>\n\n\n\n<h2 class=\"wp-block-heading\"><\/h2>\n\n\n\n<figure class=\"wp-block-image size-full\"><img loading=\"lazy\" decoding=\"async\" width=\"1024\" height=\"512\" src=\"https:\/\/oerlinghausen-evangelisch.com\/wp-content\/uploads\/2025\/10\/Kinderkantorei.jpg\" alt=\"\" class=\"wp-image-2341\" srcset=\"https:\/\/oerlinghausen-evangelisch.com\/wp-content\/uploads\/2025\/10\/Kinderkantorei.jpg 1024w, https:\/\/oerlinghausen-evangelisch.com\/wp-content\/uploads\/2025\/10\/Kinderkantorei-300x150.jpg 300w, https:\/\/oerlinghausen-evangelisch.com\/wp-content\/uploads\/2025\/10\/Kinderkantorei-768x384.jpg 768w\" sizes=\"auto, (max-width: 767px) 89vw, (max-width: 1000px) 54vw, (max-width: 1071px) 543px, 580px\" \/><\/figure>\n\n\n\n<figure class=\"wp-block-image size-full is-resized\"><img loading=\"lazy\" decoding=\"async\" width=\"529\" height=\"716\" src=\"https:\/\/oerlinghausen-evangelisch.com\/wp-content\/uploads\/2026\/02\/grafik.png\" alt=\"\" class=\"wp-image-2419\" style=\"width:593px;height:auto\" srcset=\"https:\/\/oerlinghausen-evangelisch.com\/wp-content\/uploads\/2026\/02\/grafik.png 529w, https:\/\/oerlinghausen-evangelisch.com\/wp-content\/uploads\/2026\/02\/grafik-222x300.png 222w\" sizes=\"auto, (max-width: 529px) 100vw, 529px\" \/><\/figure>\n\n\n\n<figure class=\"wp-block-image size-full\"><img loading=\"lazy\" decoding=\"async\" width=\"911\" height=\"276\" src=\"https:\/\/oerlinghausen-evangelisch.com\/wp-content\/uploads\/2026\/02\/grafik-4.png\" alt=\"\" class=\"wp-image-2426\" srcset=\"https:\/\/oerlinghausen-evangelisch.com\/wp-content\/uploads\/2026\/02\/grafik-4.png 911w, https:\/\/oerlinghausen-evangelisch.com\/wp-content\/uploads\/2026\/02\/grafik-4-300x91.png 300w, https:\/\/oerlinghausen-evangelisch.com\/wp-content\/uploads\/2026\/02\/grafik-4-768x233.png 768w\" sizes=\"auto, (max-width: 767px) 89vw, (max-width: 1000px) 54vw, (max-width: 1071px) 543px, 580px\" \/><\/figure>\n\n\n\n<div class=\"wp-block-group\"><div class=\"wp-block-group__inner-container is-layout-constrained wp-block-group-is-layout-constrained\">\n<h2 class=\"wp-block-heading\">Hallo Freunde des Wochenmarktes<\/h2>\n\n\n\n<p>Die ein oder andere Person hat uns schon gesehen:<\/p>\n\n\n<div class=\"wp-block-image\">\n<figure class=\"alignright size-large is-resized\"><img loading=\"lazy\" decoding=\"async\" width=\"768\" height=\"1024\" src=\"https:\/\/oerlinghausen-evangelisch.com\/wp-content\/uploads\/2025\/05\/grafik-3-768x1024.png\" alt=\"\" class=\"wp-image-2269\" style=\"width:266px;height:auto\" srcset=\"https:\/\/oerlinghausen-evangelisch.com\/wp-content\/uploads\/2025\/05\/grafik-3-768x1024.png 768w, https:\/\/oerlinghausen-evangelisch.com\/wp-content\/uploads\/2025\/05\/grafik-3-225x300.png 225w, https:\/\/oerlinghausen-evangelisch.com\/wp-content\/uploads\/2025\/05\/grafik-3-1152x1536.png 1152w, https:\/\/oerlinghausen-evangelisch.com\/wp-content\/uploads\/2025\/05\/grafik-3.png 1536w\" sizes=\"auto, (max-width: 767px) 89vw, (max-width: 1000px) 54vw, (max-width: 1071px) 543px, 580px\" \/><\/figure>\n<\/div>\n\n\n<p>Der \u201ekleine Pavillon\u201c hat seine Plane gespannt und bereichert nun jeden 2. Samstag im Monat den Wochenmarkt auf dem Rathausplatz. Von 09:00 bis 11:00 Uhr laden wir alle Marktbesucher ein, bei uns eine kleine Pause einzulegen.<\/p>\n\n\n\n<p>Hier kann man nicht nur einen Becher Kaffee mit uns genie\u00dfen, sondern auch in geselliger Runde \u00fcber Gott und die Welt plaudern. Wir freuen uns \u00fcber jeden Besuch und sind gespannt auf die Gespr\u00e4che, die sich entwickeln werden.<\/p>\n\n\n\n<p>Kommen Sie vorbei und erleben Sie die gem\u00fctliche Atmosph\u00e4re des Marktes \u2013 wir freuen uns auf Sie!<\/p>\n<\/div><\/div>\n\n\n\n<h2 class=\"wp-block-heading\"><\/h2>\n","protected":false},"excerpt":{"rendered":"<p>Liebe Gemeinde, hier finden Sie Informationen zu kommenden Ereignissen und Veranstaltungen. Medizinischer Vortrag in der Kirche Lipperreihe Gesundheit im Fokus \u2013 Wissen, das bewegtThema: Sodbrennen und Reflux bei ZwerchfellbruchDonnerstag, 21. Mai 2026 um 18:00 UhrEine Anmeldung ist nicht erforderlich, der Eintritt ist frei Fach\u00e4rztin Martina Friedemann erkl\u00e4rt: Wie entsteht so ein Bruch? Kann man vorbeugen? &hellip; <\/p>\n<p class=\"link-more\"><a href=\"https:\/\/oerlinghausen-evangelisch.com\/?page_id=2264\" class=\"more-link\"><span class=\"screen-reader-text\">\u201eAktuelles\u201c <\/span>weiterlesen<\/a><\/p>\n","protected":false},"author":4,"featured_media":0,"parent":0,"menu_order":0,"comment_status":"closed","ping_status":"closed","template":"","meta":{"footnotes":""},"class_list":["post-2264","page","type-page","status-publish","hentry"],"_links":{"self":[{"href":"https:\/\/oerlinghausen-evangelisch.com\/index.php?rest_route=\/wp\/v2\/pages\/2264","targetHints":{"allow":["GET"]}}],"collection":[{"href":"https:\/\/oerlinghausen-evangelisch.com\/index.php?rest_route=\/wp\/v2\/pages"}],"about":[{"href":"https:\/\/oerlinghausen-evangelisch.com\/index.php?rest_route=\/wp\/v2\/types\/page"}],"author":[{"embeddable":true,"href":"https:\/\/oerlinghausen-evangelisch.com\/index.php?rest_route=\/wp\/v2\/users\/4"}],"replies":[{"embeddable":true,"href":"https:\/\/oerlinghausen-evangelisch.com\/index.php?rest_route=%2Fwp%2Fv2%2Fcomments&post=2264"}],"version-history":[{"count":31,"href":"https:\/\/oerlinghausen-evangelisch.com\/index.php?rest_route=\/wp\/v2\/pages\/2264\/revisions"}],"predecessor-version":[{"id":2427,"href":"https:\/\/oerlinghausen-evangelisch.com\/index.php?rest_route=\/wp\/v2\/pages\/2264\/revisions\/2427"}],"wp:attachment":[{"href":"https:\/\/oerlinghausen-evangelisch.com\/index.php?rest_route=%2Fwp%2Fv2%2Fmedia&parent=2264"}],"curies":[{"name":"wp","href":"https:\/\/api.w.org\/{rel}","templated":true}]}}