{"id":23,"date":"2017-09-03T19:30:57","date_gmt":"2017-09-03T19:30:57","guid":{"rendered":"http:\/\/oerlinghausen-evangelisch.com\/?page_id=23"},"modified":"2025-10-16T00:46:20","modified_gmt":"2025-10-15T22:46:20","slug":"kitas","status":"publish","type":"page","link":"https:\/\/oerlinghausen-evangelisch.com\/?page_id=23","title":{"rendered":"Kitas, Altenzentrum, CVJM"},"content":{"rendered":"<p><span style=\"color: #0000ff;\"><strong>Kindertagesst\u00e4tten<\/strong><\/span><br \/><strong>KiTa \u201eL\u00f6wenzahn\u201c<\/strong><br \/>Auf dem R\u00f6den 18<br \/>Tel: 05202 \/ 5203<br \/>Leitung: Margarete Nickel<\/p>\n<p><strong>KiTa \u201eKr\u00fcmelkiste\u201c<\/strong><br \/>Marktstra\u00dfe 35<br \/>Tel: 05202 \/ 1500620<br \/>Leitung: Vanessa Fischer<\/p>\n<p><strong>KiTa \u201eRegenbogen\u201c<\/strong><br \/>Sennestra\u00dfe 29<br \/>Tel: 05202 \/ 979796<br \/>Leitung: Leonie Michel<\/p>\n<p><strong>Verband der Ev. Tagesst\u00e4tten<\/strong><br \/><strong> f\u00fcr Kinder in Lippe West<\/strong><br \/>Verwaltung<br \/>Hauptstra\u00dfe 80a, 33813 Oerlinghausen<br \/>Tel: 05202 \/ 9253655<br \/>Email:<a href=\"mailto:info@ev-kindergartenverband.de\"> info@ev-kindergartenverband.de<\/a><br \/>Fax: 05202 \/4209<br \/><a href=\"http:\/\/www.ev-kindergartenverband.de\" target=\"_blank\" rel=\"noopener noreferrer\"><span style=\"color: #000080;\">www.ev-kindergartenverband.de<\/span><\/a><\/p>\n<p><strong>Ev. Altenzentrum<\/strong><br \/>Robert-Koch-Stra\u00dfe 21<br \/>Tel: 05202 \/ 997-0<br \/><a href=\"http:\/\/www.altenzentrum-oerlinghausen.de\" target=\"_blank\" rel=\"noopener noreferrer\"><span style=\"color: #000080;\">www.altenzentrum-oerlinghausen.de<\/span><\/a><br \/><em>Heimleitung:<\/em><br \/>Silvia Buhrmester<br \/>Tel: 997-167<br \/><em>Pflegedienstleitung:<\/em><br \/>Manuela Sprinz<br \/>Tel: 997-153<br \/><em>Diakoniestation<\/em><br \/>Marina Schubert<br \/>Tel: 997-165<\/p>\n<p><strong>CVJM-Oerlinghausen<\/strong><br \/>Lukas Baumgarth\u00a0\u00a0\u00a0\u00a0\u00a0\u00a0\u00a0\u00a0\u00a0\u00a0\u00a0\u00a0\u00a0\u00a0\u00a0\u00a0\u00a0\u00a0\u00a0\u00a0\u00a0\u00a0\u00a0\u00a0\u00a0\u00a0\u00a0\u00a0\u00a0\u00a0\u00a0\u00a0\u00a0\u00a0\u00a0\u00a0\u00a0\u00a0\u00a0\u00a0\u00a0\u00a0\u00a0\u00a0\u00a0\u00a0\u00a0\u00a0\u00a0\u00a0\u00a0\u00a0\u00a0\u00a0\u00a0\u00a0\u00a0\u00a0\u00a0\u00a0\u00a0\u00a0\u00a0\u00a0\u00a0\u00a0\u00a0\u00a0\u00a0\u00a0\u00a0\u00a0\u00a0\u00a0\u00a0\u00a0\u00a0\u00a0\u00a0\u00a0\u00a0\u00a0\u00a0\u00a0\u00a0\u00a0\u00a0\u00a0\u00a0\u00a0\u00a0\u00a0\u00a0\u00a0\u00a0\u00a0\u00a0\u00a0\u00a0\u00a0\u00a0\u00a0\u00a0 Tel: 017656848305<\/p>\n\n\n<p><\/p>\n","protected":false},"excerpt":{"rendered":"<p>Kindertagesst\u00e4ttenKiTa \u201eL\u00f6wenzahn\u201cAuf dem R\u00f6den 18Tel: 05202 \/ 5203Leitung: Margarete Nickel KiTa \u201eKr\u00fcmelkiste\u201cMarktstra\u00dfe 35Tel: 05202 \/ 1500620Leitung: Vanessa Fischer KiTa \u201eRegenbogen\u201cSennestra\u00dfe 29Tel: 05202 \/ 979796Leitung: Leonie Michel Verband der Ev. Tagesst\u00e4tten f\u00fcr Kinder in Lippe WestVerwaltungHauptstra\u00dfe 80a, 33813 OerlinghausenTel: 05202 \/ 9253655Email: info@ev-kindergartenverband.deFax: 05202 \/4209www.ev-kindergartenverband.de Ev. AltenzentrumRobert-Koch-Stra\u00dfe 21Tel: 05202 \/ 997-0www.altenzentrum-oerlinghausen.deHeimleitung:Silvia BuhrmesterTel: 997-167Pflegedienstleitung:Manuela SprinzTel: 997-153DiakoniestationMarina SchubertTel: &hellip; <\/p>\n<p class=\"link-more\"><a href=\"https:\/\/oerlinghausen-evangelisch.com\/?page_id=23\" class=\"more-link\"><span class=\"screen-reader-text\">\u201eKitas, Altenzentrum, CVJM\u201c <\/span>weiterlesen<\/a><\/p>\n","protected":false},"author":1,"featured_media":0,"parent":10,"menu_order":3,"comment_status":"closed","ping_status":"closed","template":"","meta":{"footnotes":""},"class_list":["post-23","page","type-page","status-publish","hentry"],"_links":{"self":[{"href":"https:\/\/oerlinghausen-evangelisch.com\/index.php?rest_route=\/wp\/v2\/pages\/23","targetHints":{"allow":["GET"]}}],"collection":[{"href":"https:\/\/oerlinghausen-evangelisch.com\/index.php?rest_route=\/wp\/v2\/pages"}],"about":[{"href":"https:\/\/oerlinghausen-evangelisch.com\/index.php?rest_route=\/wp\/v2\/types\/page"}],"author":[{"embeddable":true,"href":"https:\/\/oerlinghausen-evangelisch.com\/index.php?rest_route=\/wp\/v2\/users\/1"}],"replies":[{"embeddable":true,"href":"https:\/\/oerlinghausen-evangelisch.com\/index.php?rest_route=%2Fwp%2Fv2%2Fcomments&post=23"}],"version-history":[{"count":15,"href":"https:\/\/oerlinghausen-evangelisch.com\/index.php?rest_route=\/wp\/v2\/pages\/23\/revisions"}],"predecessor-version":[{"id":2348,"href":"https:\/\/oerlinghausen-evangelisch.com\/index.php?rest_route=\/wp\/v2\/pages\/23\/revisions\/2348"}],"up":[{"embeddable":true,"href":"https:\/\/oerlinghausen-evangelisch.com\/index.php?rest_route=\/wp\/v2\/pages\/10"}],"wp:attachment":[{"href":"https:\/\/oerlinghausen-evangelisch.com\/index.php?rest_route=%2Fwp%2Fv2%2Fmedia&parent=23"}],"curies":[{"name":"wp","href":"https:\/\/api.w.org\/{rel}","templated":true}]}}