{"id":45,"date":"2017-09-04T17:56:17","date_gmt":"2017-09-04T17:56:17","guid":{"rendered":"http:\/\/oerlinghausen-evangelisch.com\/?page_id=45"},"modified":"2025-05-13T23:02:26","modified_gmt":"2025-05-13T21:02:26","slug":"treffpunkte-der-gemeinde","status":"publish","type":"page","link":"https:\/\/oerlinghausen-evangelisch.com\/?page_id=45","title":{"rendered":"Treffpunkte der Gemeinde"},"content":{"rendered":"<p>Folgen Sie der Auswahl in der Menu-Leiste. In der mobilen Version finden Sie die Auswahl rechts aussen mit einem Klick auf das Zeichen &#8222;v&#8220;.<\/p>\n\n\n<h2 class=\"wp-block-heading\">Pl\u00e4tze f\u00fcr Gemeinschaft<\/h2>\n\n\n\n<figure class=\"wp-block-gallery has-nested-images columns-2 is-cropped wp-block-gallery-1 is-layout-flex wp-block-gallery-is-layout-flex\">\n<figure class=\"wp-block-image\"><img loading=\"lazy\" decoding=\"async\" width=\"4320\" height=\"3240\" data-id=\"327\" src=\"https:\/\/oerlinghausen-evangelisch.com\/wp-content\/uploads\/2017\/09\/P1050854.jpg\" alt=\"\" class=\"wp-image-327\" srcset=\"https:\/\/oerlinghausen-evangelisch.com\/wp-content\/uploads\/2017\/09\/P1050854.jpg 4320w, https:\/\/oerlinghausen-evangelisch.com\/wp-content\/uploads\/2017\/09\/P1050854-300x225.jpg 300w, https:\/\/oerlinghausen-evangelisch.com\/wp-content\/uploads\/2017\/09\/P1050854-768x576.jpg 768w, https:\/\/oerlinghausen-evangelisch.com\/wp-content\/uploads\/2017\/09\/P1050854-1024x768.jpg 1024w\" sizes=\"auto, (max-width: 767px) 89vw, (max-width: 1000px) 54vw, (max-width: 1071px) 543px, 580px\" \/><\/figure>\n\n\n\n<figure class=\"wp-block-image\"><img loading=\"lazy\" decoding=\"async\" width=\"4320\" height=\"3240\" data-id=\"307\" src=\"https:\/\/oerlinghausen-evangelisch.com\/wp-content\/uploads\/2017\/09\/P1050887.jpg\" alt=\"\" class=\"wp-image-307\" srcset=\"https:\/\/oerlinghausen-evangelisch.com\/wp-content\/uploads\/2017\/09\/P1050887.jpg 4320w, https:\/\/oerlinghausen-evangelisch.com\/wp-content\/uploads\/2017\/09\/P1050887-300x225.jpg 300w, https:\/\/oerlinghausen-evangelisch.com\/wp-content\/uploads\/2017\/09\/P1050887-768x576.jpg 768w, https:\/\/oerlinghausen-evangelisch.com\/wp-content\/uploads\/2017\/09\/P1050887-1024x768.jpg 1024w\" sizes=\"auto, (max-width: 767px) 89vw, (max-width: 1000px) 54vw, (max-width: 1071px) 543px, 580px\" \/><\/figure>\n<\/figure>\n\n\n\n<p>Zu unserer Kirchengemeinde geh\u00f6ren neben der historischen Alexanderkirche noch eine weitere Kirche im Ortsteil Lipperreihe und das Dietrich- Bonhoeffer- Haus. Die Urspr\u00fcnge der Alexanderkirche sind im 9. Jahrhundert zu finden. In den Jahren 1511 bis 1514 wurde sie als dreischiffige Hallenkirche erweitert. <\/p>\n\n\n<div class=\"wp-block-image wp-image-305 size-medium\">\n<figure class=\"aligncenter\"><img loading=\"lazy\" decoding=\"async\" width=\"225\" height=\"300\" src=\"https:\/\/oerlinghausen-evangelisch.com\/wp-content\/uploads\/2017\/09\/P1050876-225x300.jpg\" alt=\"\" class=\"wp-image-305\" srcset=\"https:\/\/oerlinghausen-evangelisch.com\/wp-content\/uploads\/2017\/09\/P1050876-225x300.jpg 225w, https:\/\/oerlinghausen-evangelisch.com\/wp-content\/uploads\/2017\/09\/P1050876-768x1024.jpg 768w\" sizes=\"auto, (max-width: 225px) 100vw, 225px\" \/><figcaption class=\"wp-element-caption\">Alexanderkirche<\/figcaption><\/figure>\n<\/div>\n\n\n<p>Seit der Reformationszeit ist die Alexanderkirche, mit einigen Unterbrechungen evangelische Pfarrkirche. Zun\u00e4chst mit lutherischem und seit dem 17. Jahrhundert mit reformiertem Bekenntnis. <br><\/p>\n\n\n\n<p>Unsere Kirchengemeinde hat ein missionarisches, volkskirchliches Profil.<\/p>\n\n\n\n<div class=\"wp-block-group\"><div class=\"wp-block-group__inner-container is-layout-constrained wp-block-group-is-layout-constrained\">\n<figure class=\"wp-block-gallery has-nested-images columns-default is-cropped wp-block-gallery-2 is-layout-flex wp-block-gallery-is-layout-flex\">\n<figure class=\"wp-block-image size-large size-medium wp-image-87\"><img loading=\"lazy\" decoding=\"async\" width=\"1024\" height=\"683\" data-id=\"2224\" src=\"https:\/\/oerlinghausen-evangelisch.com\/wp-content\/uploads\/2025\/05\/DSC03399-1024x683.jpg\" alt=\"\" class=\"wp-image-2224\" srcset=\"https:\/\/oerlinghausen-evangelisch.com\/wp-content\/uploads\/2025\/05\/DSC03399-1024x683.jpg 1024w, https:\/\/oerlinghausen-evangelisch.com\/wp-content\/uploads\/2025\/05\/DSC03399-300x200.jpg 300w, https:\/\/oerlinghausen-evangelisch.com\/wp-content\/uploads\/2025\/05\/DSC03399-768x512.jpg 768w, https:\/\/oerlinghausen-evangelisch.com\/wp-content\/uploads\/2025\/05\/DSC03399-1536x1025.jpg 1536w, https:\/\/oerlinghausen-evangelisch.com\/wp-content\/uploads\/2025\/05\/DSC03399-2048x1366.jpg 2048w\" sizes=\"auto, (max-width: 767px) 89vw, (max-width: 1000px) 54vw, (max-width: 1071px) 543px, 580px\" \/><\/figure>\n\n\n\n<figure class=\"wp-block-image size-large size-medium wp-image-308\"><img loading=\"lazy\" decoding=\"async\" width=\"1024\" height=\"525\" data-id=\"308\" src=\"https:\/\/oerlinghausen-evangelisch.com\/wp-content\/uploads\/2017\/09\/P1050878-1-1024x525.jpg\" alt=\"\" class=\"wp-image-308\" srcset=\"https:\/\/oerlinghausen-evangelisch.com\/wp-content\/uploads\/2017\/09\/P1050878-1-1024x525.jpg 1024w, https:\/\/oerlinghausen-evangelisch.com\/wp-content\/uploads\/2017\/09\/P1050878-1-300x154.jpg 300w, https:\/\/oerlinghausen-evangelisch.com\/wp-content\/uploads\/2017\/09\/P1050878-1-768x393.jpg 768w\" sizes=\"auto, (max-width: 767px) 89vw, (max-width: 1000px) 54vw, (max-width: 1071px) 543px, 580px\" \/><\/figure>\n<figcaption class=\"blocks-gallery-caption wp-element-caption\">Kirche Lipperreihe und Dietrich-Bonhoeffer-Haus<\/figcaption><\/figure>\n<\/div><\/div>\n\n\n\n<p><\/p>\n","protected":false},"excerpt":{"rendered":"<p>Folgen Sie der Auswahl in der Menu-Leiste. In der mobilen Version finden Sie die Auswahl rechts aussen mit einem Klick auf das Zeichen &#8222;v&#8220;. Pl\u00e4tze f\u00fcr Gemeinschaft Zu unserer Kirchengemeinde geh\u00f6ren neben der historischen Alexanderkirche noch eine weitere Kirche im Ortsteil Lipperreihe und das Dietrich- Bonhoeffer- Haus. Die Urspr\u00fcnge der Alexanderkirche sind im 9. Jahrhundert &hellip; <\/p>\n<p class=\"link-more\"><a href=\"https:\/\/oerlinghausen-evangelisch.com\/?page_id=45\" class=\"more-link\"><span class=\"screen-reader-text\">\u201eTreffpunkte der Gemeinde\u201c <\/span>weiterlesen<\/a><\/p>\n","protected":false},"author":1,"featured_media":0,"parent":0,"menu_order":0,"comment_status":"closed","ping_status":"closed","template":"","meta":{"footnotes":""},"class_list":["post-45","page","type-page","status-publish","hentry"],"_links":{"self":[{"href":"https:\/\/oerlinghausen-evangelisch.com\/index.php?rest_route=\/wp\/v2\/pages\/45","targetHints":{"allow":["GET"]}}],"collection":[{"href":"https:\/\/oerlinghausen-evangelisch.com\/index.php?rest_route=\/wp\/v2\/pages"}],"about":[{"href":"https:\/\/oerlinghausen-evangelisch.com\/index.php?rest_route=\/wp\/v2\/types\/page"}],"author":[{"embeddable":true,"href":"https:\/\/oerlinghausen-evangelisch.com\/index.php?rest_route=\/wp\/v2\/users\/1"}],"replies":[{"embeddable":true,"href":"https:\/\/oerlinghausen-evangelisch.com\/index.php?rest_route=%2Fwp%2Fv2%2Fcomments&post=45"}],"version-history":[{"count":24,"href":"https:\/\/oerlinghausen-evangelisch.com\/index.php?rest_route=\/wp\/v2\/pages\/45\/revisions"}],"predecessor-version":[{"id":2257,"href":"https:\/\/oerlinghausen-evangelisch.com\/index.php?rest_route=\/wp\/v2\/pages\/45\/revisions\/2257"}],"wp:attachment":[{"href":"https:\/\/oerlinghausen-evangelisch.com\/index.php?rest_route=%2Fwp%2Fv2%2Fmedia&parent=45"}],"curies":[{"name":"wp","href":"https:\/\/api.w.org\/{rel}","templated":true}]}}